{"id":1639,"date":"2021-04-30T00:21:59","date_gmt":"2021-04-30T00:21:59","guid":{"rendered":"https:\/\/www.viadirect.com\/?page_id=1639"},"modified":"2022-07-19T11:17:31","modified_gmt":"2022-07-19T11:17:31","slug":"web-mobile-wayfinding","status":"publish","type":"page","link":"https:\/\/viadirect-preprod.wylog.com\/fr\/our-solution\/web-mobile-wayfinding\/","title":{"rendered":"Web &amp; Mobile Wayfinding"},"content":{"rendered":"<div data-elementor-type=\"wp-page\" data-elementor-id=\"1639\" class=\"elementor elementor-1639\">\n\t\t\t\t\t\t\t\t\t<section class=\"elementor-section elementor-top-section elementor-element elementor-element-b29e57b elementor-section-boxed elementor-section-height-default elementor-section-height-default\" data-id=\"b29e57b\" data-element_type=\"section\">\n\t\t\t\t\t\t<div class=\"elementor-container elementor-column-gap-default\">\n\t\t\t\t\t<div class=\"elementor-column elementor-col-100 elementor-top-column elementor-element elementor-element-fd84fb3\" data-id=\"fd84fb3\" data-element_type=\"column\">\n\t\t\t<div class=\"elementor-widget-wrap elementor-element-populated\">\n\t\t\t\t\t\t\t\t<div class=\"elementor-element elementor-element-cebc7f0 elementor-widget elementor-widget-breadcrumbs\" data-id=\"cebc7f0\" data-element_type=\"widget\" data-widget_type=\"breadcrumbs.default\">\n\t\t\t\t<div class=\"elementor-widget-container\">\n\t\t\t<p id=\"breadcrumbs\"><span><span><a href=\"https:\/\/viadirect-preprod.wylog.com\/fr\/\">Page d\u2019accueil<\/a><\/span><\/span><\/p>\t\t<\/div>\n\t\t\t\t<\/div>\n\t\t\t\t\t<\/div>\n\t\t<\/div>\n\t\t\t\t\t\t\t<\/div>\n\t\t<\/section>\n\t\t\t\t<section class=\"elementor-section elementor-top-section elementor-element elementor-element-d78377c elementor-section-height-min-height web-mob-wayfinding-block elementor-section-boxed elementor-section-height-default elementor-section-items-middle\" data-id=\"d78377c\" data-element_type=\"section\">\n\t\t\t\t\t\t<div class=\"elementor-container elementor-column-gap-default\">\n\t\t\t\t\t<div class=\"elementor-column elementor-col-100 elementor-top-column elementor-element elementor-element-688e6ce\" data-id=\"688e6ce\" data-element_type=\"column\">\n\t\t\t<div class=\"elementor-widget-wrap elementor-element-populated\">\n\t\t\t\t\t\t\t\t<div class=\"elementor-element elementor-element-9325a65 elementor-widget elementor-widget-image\" data-id=\"9325a65\" data-element_type=\"widget\" data-widget_type=\"image.default\">\n\t\t\t\t<div class=\"elementor-widget-container\">\n\t\t\t\t\t\t\t\t\t\t\t\t\t\t\t<img width=\"1620\" height=\"570\" src=\"https:\/\/viadirect-preprod.wylog.com\/wp-content\/uploads\/2021\/05\/l.jpg\" class=\"attachment-full size-full\" alt=\"\" loading=\"lazy\" srcset=\"https:\/\/viadirect-preprod.wylog.com\/wp-content\/uploads\/2021\/05\/l.jpg 1620w, https:\/\/viadirect-preprod.wylog.com\/wp-content\/uploads\/2021\/05\/l-300x106.jpg 300w, https:\/\/viadirect-preprod.wylog.com\/wp-content\/uploads\/2021\/05\/l-1024x360.jpg 1024w, https:\/\/viadirect-preprod.wylog.com\/wp-content\/uploads\/2021\/05\/l-768x270.jpg 768w, https:\/\/viadirect-preprod.wylog.com\/wp-content\/uploads\/2021\/05\/l-1536x540.jpg 1536w, https:\/\/viadirect-preprod.wylog.com\/wp-content\/uploads\/2021\/05\/l-16x6.jpg 16w\" sizes=\"(max-width: 1620px) 100vw, 1620px\" \/>\t\t\t\t\t\t\t\t\t\t\t\t\t\t\t<\/div>\n\t\t\t\t<\/div>\n\t\t\t\t\t<\/div>\n\t\t<\/div>\n\t\t\t\t\t\t\t<\/div>\n\t\t<\/section>\n\t\t\t\t<section class=\"elementor-section elementor-top-section elementor-element elementor-element-d9c6f12 elementor-section-boxed elementor-section-height-default elementor-section-height-default\" data-id=\"d9c6f12\" data-element_type=\"section\">\n\t\t\t\t\t\t<div class=\"elementor-container elementor-column-gap-default\">\n\t\t\t\t\t<div class=\"elementor-column elementor-col-100 elementor-top-column elementor-element elementor-element-6f844c0\" data-id=\"6f844c0\" data-element_type=\"column\">\n\t\t\t<div class=\"elementor-widget-wrap elementor-element-populated\">\n\t\t\t\t\t\t\t\t<div class=\"elementor-element elementor-element-92c0de4 elementor-widget elementor-widget-heading\" data-id=\"92c0de4\" data-element_type=\"widget\" data-widget_type=\"heading.default\">\n\t\t\t\t<div class=\"elementor-widget-container\">\n\t\t\t<h1 class=\"elementor-heading-title elementor-size-default\">Web &amp; Mobile Wayfinding<\/h1>\t\t<\/div>\n\t\t\t\t<\/div>\n\t\t\t\t\t<\/div>\n\t\t<\/div>\n\t\t\t\t\t\t\t<\/div>\n\t\t<\/section>\n\t\t\t\t<section class=\"elementor-section elementor-top-section elementor-element elementor-element-466d034 elementor-section-boxed elementor-section-height-default elementor-section-height-default\" data-id=\"466d034\" data-element_type=\"section\">\n\t\t\t\t\t\t<div class=\"elementor-container elementor-column-gap-default\">\n\t\t\t\t\t<div class=\"elementor-column elementor-col-100 elementor-top-column elementor-element elementor-element-451beee\" data-id=\"451beee\" data-element_type=\"column\">\n\t\t\t<div class=\"elementor-widget-wrap elementor-element-populated\">\n\t\t\t\t\t\t\t\t<div class=\"elementor-element elementor-element-21558a4 elementor-widget elementor-widget-text-editor\" data-id=\"21558a4\" data-element_type=\"widget\" data-widget_type=\"text-editor.default\">\n\t\t\t\t<div class=\"elementor-widget-container\">\n\t\t\t\t\t\t\t<p><span style=\"font-weight: 400;\"><span>Notre<\/span> <b>ViaDirect MobileView,<\/b> notre solution sur smartphone permet \u00e0 vos visiteurs d'acc\u00e9der \u00e0 notre offre d'orientation en toute mobilit\u00e9. En compl\u00e9ment des bornes, ils pourront \u00eatre guid\u00e9s et trouver leur chemin facilement et sans contact.<\/span><\/p>\n<p><span style=\"font-weight: 400;\">Covering the main features of a&nbsp;<\/span><a href=\"https:\/\/www.viadirect.com\/wayfinding-kiosks-investment-top-reason-price\/\" target=\"_blank\">wayfinder<\/a><span style=\"font-weight: 400;\">: create itineraries, find shops, see exclusive deals. Integrated to your website and also on your app, available on <strong>application mobile Android ou iOS.<\/strong><\/span><\/p>\n<p><span style=\"font-size: 1rem;\">Bornes, site web, mobile, vous ne disposez que d'une seule cartographie et votre contenu est \u00e9galement synchronis\u00e9. Ne multipliez pas vos interfaces de saisie, avec ViaDirect tout sera synchronis\u00e9.&nbsp;<\/span><\/p>\n<p><span style=\"font-weight: bolder; font-size: 1rem;\">Orientation multicanale<\/span><span style=\"font-size: 1rem;\"><br><\/span><\/p>\n<ul>\n<li><span style=\"font-weight: 400;\">sur smartphone sans t\u00e9l\u00e9chargement ni installation<\/span><\/li>\n<\/ul>\n<ul>\n<li><span style=\"font-weight: 400;\">int\u00e9gr\u00e9 dans votre site internet<\/span><\/li>\n<\/ul>\n<ul>\n<li><span style=\"font-weight: 400;\">int\u00e9gr\u00e9 au sein d\u2019une application mobile android ou ios<\/span><\/li>\n<\/ul>\t\t\t\t\t\t<\/div>\n\t\t\t\t<\/div>\n\t\t\t\t\t<\/div>\n\t\t<\/div>\n\t\t\t\t\t\t\t<\/div>\n\t\t<\/section>\n\t\t\t\t<section class=\"elementor-section elementor-top-section elementor-element elementor-element-a100434 elementor-section-boxed elementor-section-height-default elementor-section-height-default\" data-id=\"a100434\" data-element_type=\"section\">\n\t\t\t\t\t\t<div class=\"elementor-container elementor-column-gap-default\">\n\t\t\t\t\t<div class=\"elementor-column elementor-col-100 elementor-top-column elementor-element elementor-element-9fce92e\" data-id=\"9fce92e\" data-element_type=\"column\">\n\t\t\t<div class=\"elementor-widget-wrap elementor-element-populated\">\n\t\t\t\t\t\t\t\t<div class=\"elementor-element elementor-element-800834e bdt-navigation-type-none bdt-carousel-style-carousel elementor-widget elementor-widget-bdt-panel-slider\" data-id=\"800834e\" data-element_type=\"widget\" data-settings=\"{&quot;columns&quot;:&quot;3&quot;,&quot;columns_tablet&quot;:&quot;2&quot;,&quot;columns_mobile&quot;:&quot;1&quot;}\" data-widget_type=\"bdt-panel-slider.default\">\n\t\t\t\t<div class=\"elementor-widget-container\">\n\t\t\t\t\t<div data-settings=\"{&quot;autoplay&quot;:{&quot;delay&quot;:5000},&quot;speed&quot;:500,&quot;pauseOnHover&quot;:true,&quot;slidesPerView&quot;:1,&quot;slidesPerGroup&quot;:1,&quot;spaceBetween&quot;:10,&quot;effect&quot;:&quot;carousel&quot;,&quot;breakpoints&quot;:{&quot;767&quot;:{&quot;slidesPerView&quot;:2,&quot;spaceBetween&quot;:10,&quot;slidesPerGroup&quot;:1},&quot;1023&quot;:{&quot;slidesPerView&quot;:3,&quot;spaceBetween&quot;:10,&quot;slidesPerGroup&quot;:1}},&quot;navigation&quot;:{&quot;nextEl&quot;:&quot;#bdt-panel-slider-800834e .bdt-navigation-next&quot;,&quot;prevEl&quot;:&quot;#bdt-panel-slider-800834e .bdt-navigation-prev&quot;},&quot;pagination&quot;:{&quot;el&quot;:&quot;#bdt-panel-slider-800834e .swiper-pagination&quot;,&quot;type&quot;:&quot;&quot;,&quot;clickable&quot;:&quot;true&quot;,&quot;dynamicBullets&quot;:false},&quot;scrollbar&quot;:{&quot;el&quot;:&quot;#bdt-panel-slider-800834e .swiper-scrollbar&quot;,&quot;hide&quot;:&quot;true&quot;},&quot;coverflowEffect&quot;:{&quot;rotate&quot;:50,&quot;stretch&quot;:0,&quot;depth&quot;:100,&quot;modifier&quot;:1,&quot;slideShadows&quot;:true}}\" class=\"bdt-panel-slider bdt-skin-default\" id=\"bdt-panel-slider-800834e\" data-widget-settings=\"{&quot;id&quot;:&quot;#bdt-panel-slider-800834e&quot;,&quot;mouseInteractivity&quot;:false}\">\n\t\t\t<div class=\"swiper-container\">\n\t\t\t\t<div class=\"swiper-wrapper\">\n\t\t\t\t\n\t\t\t\t\t\t\t\t\t\t\t<div class=\"bdt-panel-slide-item swiper-slide bdt-transition-toggle\">\n\n\t\t\t\t\t\t\t<div class=\"bdt-panel-slide-thumb-wrapper\">\n\t\t\t\t\t\t\t\t<div class=\"bdt-panel-slide-thumb bdt-background-cover\" data-depth=\"0.2\" style=\"background-image: url(https:\/\/viadirect-preprod.wylog.com\/wp-content\/uploads\/2021\/05\/J1-2.jpg);\"><\/div>\n\t\t\t\t\t\t\t<\/div>\n\t\t\t\t\t\t\t<div class=\"bdt-panel-slide-desc bdt-position-bottom-left bdt-position-z-index\">\n\n\t\t\t\t\t\t\t\t\t\t\t\t\t\t\t\t\t<h3 class=\"bdt-panel-slide-title bdt-transition-slide-bottom\"><\/h3>\n\t\t\t\t\t\t\t\t\n\t\t\t\t\t\t\t\t\n\t\t\t\t\t\t\t\t\t\t\t\t\t\t\t\t\t\n\t\t\t\t\t\t\t\t\n\t\t\t\t\t\t\t<\/div>\n\n\t\t\t\t\t\t\t\t\t\t\t\t\t\t\t<div class=\"bdt-transition-fade bdt-position-cover bdt-overlay bdt-overlay-gradient\"><\/div>\n\t\t\t\t\t\t\t\t\t\t\t\t\t<\/div>\n\t\t\t\t\t\t\t\t\t\t\t<div class=\"bdt-panel-slide-item swiper-slide bdt-transition-toggle\">\n\n\t\t\t\t\t\t\t<div class=\"bdt-panel-slide-thumb-wrapper\">\n\t\t\t\t\t\t\t\t<div class=\"bdt-panel-slide-thumb bdt-background-cover\" data-depth=\"0.2\" style=\"background-image: url(https:\/\/viadirect-preprod.wylog.com\/wp-content\/uploads\/2021\/05\/J2-2.jpg);\"><\/div>\n\t\t\t\t\t\t\t<\/div>\n\t\t\t\t\t\t\t<div class=\"bdt-panel-slide-desc bdt-position-bottom-left bdt-position-z-index\">\n\n\t\t\t\t\t\t\t\t\t\t\t\t\t\t\t\t\t<h3 class=\"bdt-panel-slide-title bdt-transition-slide-bottom\"><\/h3>\n\t\t\t\t\t\t\t\t\n\t\t\t\t\t\t\t\t\n\t\t\t\t\t\t\t\t\t\t\t\t\t\t\t\t\t\n\t\t\t\t\t\t\t\t\n\t\t\t\t\t\t\t<\/div>\n\n\t\t\t\t\t\t\t\t\t\t\t\t\t\t\t<div class=\"bdt-transition-fade bdt-position-cover bdt-overlay bdt-overlay-gradient\"><\/div>\n\t\t\t\t\t\t\t\t\t\t\t\t\t<\/div>\n\t\t\t\t\t\t\t\t\t\t\t<div class=\"bdt-panel-slide-item swiper-slide bdt-transition-toggle\">\n\n\t\t\t\t\t\t\t<div class=\"bdt-panel-slide-thumb-wrapper\">\n\t\t\t\t\t\t\t\t<div class=\"bdt-panel-slide-thumb bdt-background-cover\" data-depth=\"0.2\" style=\"background-image: url(https:\/\/viadirect-preprod.wylog.com\/wp-content\/uploads\/2021\/05\/J3-1.jpg);\"><\/div>\n\t\t\t\t\t\t\t<\/div>\n\t\t\t\t\t\t\t<div class=\"bdt-panel-slide-desc bdt-position-bottom-left bdt-position-z-index\">\n\n\t\t\t\t\t\t\t\t\t\t\t\t\t\t\t\t\t<h3 class=\"bdt-panel-slide-title bdt-transition-slide-bottom\"><\/h3>\n\t\t\t\t\t\t\t\t\n\t\t\t\t\t\t\t\t\n\t\t\t\t\t\t\t\t\t\t\t\t\t\t\t\t\t\n\t\t\t\t\t\t\t\t\n\t\t\t\t\t\t\t<\/div>\n\n\t\t\t\t\t\t\t\t\t\t\t\t\t\t\t<div class=\"bdt-transition-fade bdt-position-cover bdt-overlay bdt-overlay-gradient\"><\/div>\n\t\t\t\t\t\t\t\t\t\t\t\t\t<\/div>\n\t\t\t\t\t\n\t\t\t\t\t<\/div>\r\n\t\t\t\t<\/div>\r\n\r\n\t\t\t\t\t\t\t\t\t\t\r\n\t\t<\/div>\r\n\r\n\t\t<\/div>\n\t\t\t\t<\/div>\n\t\t\t\t\t<\/div>\n\t\t<\/div>\n\t\t\t\t\t\t\t<\/div>\n\t\t<\/section>\n\t\t\t\t\t\t\t<\/div>","protected":false},"excerpt":{"rendered":"<p>Web &#038; Mobile Wayfinding Our Mobile Wayfinding solution allows your guests to access indoor navigation from their smartphones. In addition to our kiosks, we further help your visitors find their way through a responsive and interactive map. Covering the main features of a&nbsp;wayfinder: create itineraries, find shops, see exclusive deals. Integrated to your website and [&hellip;]<\/p>","protected":false},"author":1,"featured_media":0,"parent":18,"menu_order":0,"comment_status":"closed","ping_status":"closed","template":"elementor_header_footer","meta":[],"acf":[],"yoast_head":"<!-- This site is optimized with the Yoast SEO plugin v20.6 - https:\/\/yoast.com\/wordpress\/plugins\/seo\/ -->\n<title>Web &amp; Mobile Wayfinding &bull; ViaDirect<\/title>\n<meta name=\"robots\" content=\"index, follow, max-snippet:-1, max-image-preview:large, max-video-preview:-1\" \/>\n<link rel=\"canonical\" href=\"https:\/\/viadirect-preprod.wylog.com\/fr\/our-solution\/web-mobile-wayfinding\/\" \/>\n<meta property=\"og:locale\" content=\"fr_FR\" \/>\n<meta property=\"og:type\" content=\"article\" \/>\n<meta property=\"og:title\" content=\"Web &amp; Mobile Wayfinding &bull; ViaDirect\" \/>\n<meta property=\"og:description\" content=\"Web &#038; Mobile Wayfinding Our Mobile Wayfinding solution allows your guests to access indoor navigation from their smartphones. In addition to our kiosks, we further help your visitors find their way through a responsive and interactive map. Covering the main features of a&nbsp;wayfinder: create itineraries, find shops, see exclusive deals. Integrated to your website and [&hellip;]\" \/>\n<meta property=\"og:url\" content=\"https:\/\/viadirect-preprod.wylog.com\/fr\/our-solution\/web-mobile-wayfinding\/\" \/>\n<meta property=\"og:site_name\" content=\"ViaDirect\" \/>\n<meta property=\"article:modified_time\" content=\"2022-07-19T11:17:31+00:00\" \/>\n<meta property=\"og:image\" content=\"https:\/\/www.viadirect.com\/wp-content\/uploads\/2021\/05\/l.jpg\" \/>\n<meta name=\"twitter:card\" content=\"summary_large_image\" \/>\n<meta name=\"twitter:label1\" content=\"Dur\u00e9e de lecture estim\u00e9e\" \/>\n\t<meta name=\"twitter:data1\" content=\"1 minute\" \/>\n<script type=\"application\/ld+json\" class=\"yoast-schema-graph\">{\"@context\":\"https:\/\/schema.org\",\"@graph\":[{\"@type\":\"WebPage\",\"@id\":\"https:\/\/viadirect-preprod.wylog.com\/our-solution\/web-mobile-wayfinding\/\",\"url\":\"https:\/\/viadirect-preprod.wylog.com\/our-solution\/web-mobile-wayfinding\/\",\"name\":\"Web & Mobile Wayfinding &bull; ViaDirect\",\"isPartOf\":{\"@id\":\"https:\/\/viadirect-preprod.wylog.com\/#website\"},\"datePublished\":\"2021-04-30T00:21:59+00:00\",\"dateModified\":\"2022-07-19T11:17:31+00:00\",\"breadcrumb\":{\"@id\":\"https:\/\/viadirect-preprod.wylog.com\/our-solution\/web-mobile-wayfinding\/#breadcrumb\"},\"inLanguage\":\"fr-FR\",\"potentialAction\":[{\"@type\":\"ReadAction\",\"target\":[\"https:\/\/viadirect-preprod.wylog.com\/our-solution\/web-mobile-wayfinding\/\"]}]},{\"@type\":\"BreadcrumbList\",\"@id\":\"https:\/\/viadirect-preprod.wylog.com\/our-solution\/web-mobile-wayfinding\/#breadcrumb\",\"itemListElement\":[{\"@type\":\"ListItem\",\"position\":1,\"name\":\"Home\",\"item\":\"https:\/\/viadirect-preprod.wylog.com\/\"},{\"@type\":\"ListItem\",\"position\":2,\"name\":\"Our Solution\",\"item\":\"https:\/\/viadirect-preprod.wylog.com\/our-solution\/\"},{\"@type\":\"ListItem\",\"position\":3,\"name\":\"Web &#038; Mobile Wayfinding\"}]},{\"@type\":\"WebSite\",\"@id\":\"https:\/\/viadirect-preprod.wylog.com\/#website\",\"url\":\"https:\/\/viadirect-preprod.wylog.com\/\",\"name\":\"ViaDirect\",\"description\":\"\",\"publisher\":{\"@id\":\"https:\/\/viadirect-preprod.wylog.com\/#organization\"},\"potentialAction\":[{\"@type\":\"SearchAction\",\"target\":{\"@type\":\"EntryPoint\",\"urlTemplate\":\"https:\/\/viadirect-preprod.wylog.com\/?s={search_term_string}\"},\"query-input\":\"required name=search_term_string\"}],\"inLanguage\":\"fr-FR\"},{\"@type\":\"Organization\",\"@id\":\"https:\/\/viadirect-preprod.wylog.com\/#organization\",\"name\":\"Viadirect\",\"url\":\"https:\/\/viadirect-preprod.wylog.com\/\",\"logo\":{\"@type\":\"ImageObject\",\"inLanguage\":\"fr-FR\",\"@id\":\"https:\/\/viadirect-preprod.wylog.com\/#\/schema\/logo\/image\/\",\"url\":\"https:\/\/viadirect-preprod.wylog.com\/wp-content\/uploads\/2021\/06\/Feature.svg\",\"contentUrl\":\"https:\/\/viadirect-preprod.wylog.com\/wp-content\/uploads\/2021\/06\/Feature.svg\",\"width\":1,\"height\":1,\"caption\":\"Viadirect\"},\"image\":{\"@id\":\"https:\/\/viadirect-preprod.wylog.com\/#\/schema\/logo\/image\/\"},\"sameAs\":[\"https:\/\/www.linkedin.com\/company\/viadirectiledesmedias\"]}]}<\/script>\n<!-- \/ Yoast SEO plugin. -->","yoast_head_json":{"title":"Web & Mobile Wayfinding &bull; ViaDirect","robots":{"index":"index","follow":"follow","max-snippet":"max-snippet:-1","max-image-preview":"max-image-preview:large","max-video-preview":"max-video-preview:-1"},"canonical":"https:\/\/viadirect-preprod.wylog.com\/fr\/our-solution\/web-mobile-wayfinding\/","og_locale":"fr_FR","og_type":"article","og_title":"Web & Mobile Wayfinding &bull; ViaDirect","og_description":"Web &#038; Mobile Wayfinding Our Mobile Wayfinding solution allows your guests to access indoor navigation from their smartphones. In addition to our kiosks, we further help your visitors find their way through a responsive and interactive map. Covering the main features of a&nbsp;wayfinder: create itineraries, find shops, see exclusive deals. Integrated to your website and [&hellip;]","og_url":"https:\/\/viadirect-preprod.wylog.com\/fr\/our-solution\/web-mobile-wayfinding\/","og_site_name":"ViaDirect","article_modified_time":"2022-07-19T11:17:31+00:00","og_image":[{"url":"https:\/\/www.viadirect.com\/wp-content\/uploads\/2021\/05\/l.jpg"}],"twitter_card":"summary_large_image","twitter_misc":{"Dur\u00e9e de lecture estim\u00e9e":"1 minute"},"schema":{"@context":"https:\/\/schema.org","@graph":[{"@type":"WebPage","@id":"https:\/\/viadirect-preprod.wylog.com\/our-solution\/web-mobile-wayfinding\/","url":"https:\/\/viadirect-preprod.wylog.com\/our-solution\/web-mobile-wayfinding\/","name":"Web & Mobile Wayfinding &bull; ViaDirect","isPartOf":{"@id":"https:\/\/viadirect-preprod.wylog.com\/#website"},"datePublished":"2021-04-30T00:21:59+00:00","dateModified":"2022-07-19T11:17:31+00:00","breadcrumb":{"@id":"https:\/\/viadirect-preprod.wylog.com\/our-solution\/web-mobile-wayfinding\/#breadcrumb"},"inLanguage":"fr-FR","potentialAction":[{"@type":"ReadAction","target":["https:\/\/viadirect-preprod.wylog.com\/our-solution\/web-mobile-wayfinding\/"]}]},{"@type":"BreadcrumbList","@id":"https:\/\/viadirect-preprod.wylog.com\/our-solution\/web-mobile-wayfinding\/#breadcrumb","itemListElement":[{"@type":"ListItem","position":1,"name":"Home","item":"https:\/\/viadirect-preprod.wylog.com\/"},{"@type":"ListItem","position":2,"name":"Our Solution","item":"https:\/\/viadirect-preprod.wylog.com\/our-solution\/"},{"@type":"ListItem","position":3,"name":"Web &#038; Mobile Wayfinding"}]},{"@type":"WebSite","@id":"https:\/\/viadirect-preprod.wylog.com\/#website","url":"https:\/\/viadirect-preprod.wylog.com\/","name":"ViaDirect","description":"","publisher":{"@id":"https:\/\/viadirect-preprod.wylog.com\/#organization"},"potentialAction":[{"@type":"SearchAction","target":{"@type":"EntryPoint","urlTemplate":"https:\/\/viadirect-preprod.wylog.com\/?s={search_term_string}"},"query-input":"required name=search_term_string"}],"inLanguage":"fr-FR"},{"@type":"Organization","@id":"https:\/\/viadirect-preprod.wylog.com\/#organization","name":"Viadirect","url":"https:\/\/viadirect-preprod.wylog.com\/","logo":{"@type":"ImageObject","inLanguage":"fr-FR","@id":"https:\/\/viadirect-preprod.wylog.com\/#\/schema\/logo\/image\/","url":"https:\/\/viadirect-preprod.wylog.com\/wp-content\/uploads\/2021\/06\/Feature.svg","contentUrl":"https:\/\/viadirect-preprod.wylog.com\/wp-content\/uploads\/2021\/06\/Feature.svg","width":1,"height":1,"caption":"Viadirect"},"image":{"@id":"https:\/\/viadirect-preprod.wylog.com\/#\/schema\/logo\/image\/"},"sameAs":["https:\/\/www.linkedin.com\/company\/viadirectiledesmedias"]}]}},"_links":{"self":[{"href":"https:\/\/viadirect-preprod.wylog.com\/fr\/wp-json\/wp\/v2\/pages\/1639"}],"collection":[{"href":"https:\/\/viadirect-preprod.wylog.com\/fr\/wp-json\/wp\/v2\/pages"}],"about":[{"href":"https:\/\/viadirect-preprod.wylog.com\/fr\/wp-json\/wp\/v2\/types\/page"}],"author":[{"embeddable":true,"href":"https:\/\/viadirect-preprod.wylog.com\/fr\/wp-json\/wp\/v2\/users\/1"}],"replies":[{"embeddable":true,"href":"https:\/\/viadirect-preprod.wylog.com\/fr\/wp-json\/wp\/v2\/comments?post=1639"}],"version-history":[{"count":121,"href":"https:\/\/viadirect-preprod.wylog.com\/fr\/wp-json\/wp\/v2\/pages\/1639\/revisions"}],"predecessor-version":[{"id":11443,"href":"https:\/\/viadirect-preprod.wylog.com\/fr\/wp-json\/wp\/v2\/pages\/1639\/revisions\/11443"}],"up":[{"embeddable":true,"href":"https:\/\/viadirect-preprod.wylog.com\/fr\/wp-json\/wp\/v2\/pages\/18"}],"wp:attachment":[{"href":"https:\/\/viadirect-preprod.wylog.com\/fr\/wp-json\/wp\/v2\/media?parent=1639"}],"curies":[{"name":"wp","href":"https:\/\/api.w.org\/{rel}","templated":true}]}}