{"id":1644,"date":"2021-04-30T00:31:38","date_gmt":"2021-04-30T00:31:38","guid":{"rendered":"https:\/\/www.viadirect.com\/?page_id=1644"},"modified":"2021-09-28T02:21:13","modified_gmt":"2021-09-28T02:21:13","slug":"consulting-services","status":"publish","type":"page","link":"https:\/\/viadirect-preprod.wylog.com\/es\/our-solution\/consulting-services\/","title":{"rendered":"Servicios de consultor\u00eda"},"content":{"rendered":"<div data-elementor-type=\"wp-page\" data-elementor-id=\"1644\" class=\"elementor elementor-1644\">\n\t\t\t\t\t\t\t\t\t<section class=\"elementor-section elementor-top-section elementor-element elementor-element-5f7b6a8 elementor-section-boxed elementor-section-height-default elementor-section-height-default\" data-id=\"5f7b6a8\" data-element_type=\"section\">\n\t\t\t\t\t\t<div class=\"elementor-container elementor-column-gap-default\">\n\t\t\t\t\t<div class=\"elementor-column elementor-col-100 elementor-top-column elementor-element elementor-element-262fe46\" data-id=\"262fe46\" data-element_type=\"column\">\n\t\t\t<div class=\"elementor-widget-wrap elementor-element-populated\">\n\t\t\t\t\t\t\t\t<div class=\"elementor-element elementor-element-8bfffbe elementor-widget elementor-widget-breadcrumbs\" data-id=\"8bfffbe\" data-element_type=\"widget\" data-widget_type=\"breadcrumbs.default\">\n\t\t\t\t<div class=\"elementor-widget-container\">\n\t\t\t<p id=\"breadcrumbs\"><span><span><a href=\"https:\/\/viadirect-preprod.wylog.com\/es\/\">P\u00e1gina de inicio<\/a><\/span><\/span><\/p>\t\t<\/div>\n\t\t\t\t<\/div>\n\t\t\t\t\t<\/div>\n\t\t<\/div>\n\t\t\t\t\t\t\t<\/div>\n\t\t<\/section>\n\t\t\t\t<section class=\"elementor-section elementor-top-section elementor-element elementor-element-9b96ce6 elementor-section-height-min-height elementor-section-boxed elementor-section-height-default elementor-section-items-middle\" data-id=\"9b96ce6\" data-element_type=\"section\">\n\t\t\t\t\t\t<div class=\"elementor-container elementor-column-gap-default\">\n\t\t\t\t\t<div class=\"elementor-column elementor-col-100 elementor-top-column elementor-element elementor-element-0ad18c3\" data-id=\"0ad18c3\" data-element_type=\"column\">\n\t\t\t<div class=\"elementor-widget-wrap elementor-element-populated\">\n\t\t\t\t\t\t\t\t<div class=\"elementor-element elementor-element-718bf3c elementor-widget__width-inherit vd-consulting elementor-widget elementor-widget-image\" data-id=\"718bf3c\" data-element_type=\"widget\" data-widget_type=\"image.default\">\n\t\t\t\t<div class=\"elementor-widget-container\">\n\t\t\t\t\t\t\t\t\t\t\t\t\t\t\t<img width=\"2036\" height=\"2003\" src=\"https:\/\/viadirect-preprod.wylog.com\/wp-content\/uploads\/2021\/06\/A-1.jpg\" class=\"attachment-full size-full\" alt=\"\" loading=\"lazy\" srcset=\"https:\/\/viadirect-preprod.wylog.com\/wp-content\/uploads\/2021\/06\/A-1.jpg 2036w, https:\/\/viadirect-preprod.wylog.com\/wp-content\/uploads\/2021\/06\/A-1-300x295.jpg 300w, https:\/\/viadirect-preprod.wylog.com\/wp-content\/uploads\/2021\/06\/A-1-1024x1007.jpg 1024w, https:\/\/viadirect-preprod.wylog.com\/wp-content\/uploads\/2021\/06\/A-1-768x756.jpg 768w, https:\/\/viadirect-preprod.wylog.com\/wp-content\/uploads\/2021\/06\/A-1-1536x1511.jpg 1536w, https:\/\/viadirect-preprod.wylog.com\/wp-content\/uploads\/2021\/06\/A-1-12x12.jpg 12w\" sizes=\"(max-width: 2036px) 100vw, 2036px\" \/>\t\t\t\t\t\t\t\t\t\t\t\t\t\t\t<\/div>\n\t\t\t\t<\/div>\n\t\t\t\t\t<\/div>\n\t\t<\/div>\n\t\t\t\t\t\t\t<\/div>\n\t\t<\/section>\n\t\t\t\t<section class=\"elementor-section elementor-top-section elementor-element elementor-element-887fa95 elementor-section-boxed elementor-section-height-default elementor-section-height-default\" data-id=\"887fa95\" data-element_type=\"section\">\n\t\t\t\t\t\t<div class=\"elementor-container elementor-column-gap-default\">\n\t\t\t\t\t<div class=\"elementor-column elementor-col-100 elementor-top-column elementor-element elementor-element-9444f7f\" data-id=\"9444f7f\" data-element_type=\"column\">\n\t\t\t<div class=\"elementor-widget-wrap elementor-element-populated\">\n\t\t\t\t\t\t\t\t<div class=\"elementor-element elementor-element-5328a09 elementor-widget elementor-widget-heading\" data-id=\"5328a09\" data-element_type=\"widget\" data-widget_type=\"heading.default\">\n\t\t\t\t<div class=\"elementor-widget-container\">\n\t\t\t<h1 class=\"elementor-heading-title elementor-size-default\">Servicios de consultor\u00eda<\/h1>\t\t<\/div>\n\t\t\t\t<\/div>\n\t\t\t\t\t<\/div>\n\t\t<\/div>\n\t\t\t\t\t\t\t<\/div>\n\t\t<\/section>\n\t\t\t\t<section class=\"elementor-section elementor-top-section elementor-element elementor-element-2b1679a elementor-section-boxed elementor-section-height-default elementor-section-height-default\" data-id=\"2b1679a\" data-element_type=\"section\">\n\t\t\t\t\t\t<div class=\"elementor-container elementor-column-gap-default\">\n\t\t\t\t\t<div class=\"elementor-column elementor-col-100 elementor-top-column elementor-element elementor-element-c866c95\" data-id=\"c866c95\" data-element_type=\"column\">\n\t\t\t<div class=\"elementor-widget-wrap elementor-element-populated\">\n\t\t\t\t\t\t\t\t<div class=\"elementor-element elementor-element-8420acc elementor-widget elementor-widget-text-editor\" data-id=\"8420acc\" data-element_type=\"widget\" data-widget_type=\"text-editor.default\">\n\t\t\t\t<div class=\"elementor-widget-container\">\n\t\t\t\t\t\t\t<p>Expertos en soluciones de orientaci\u00f3n,\u00a0<b>ViaDirect lo acompa\u00f1a en la creaci\u00f3n de la mejor experiencia de visitante para sus clientes.<\/b>Nuestros servicios de consultor\u00eda se basan en a\u00f1os de conocimiento e investigaci\u00f3n y experiencia combinada. Nuestro equipo multicultural trabaja en todo el mundo para compartir con usted ideas que fueron seleccionadas de lo mejor de nuestra cartera de m\u00e1s de 400 proyectos.<\/p><p><b>Nuestro objetivo&amp;nbsp<\/b>, our goal is to bring an added touch to your business and make your visitors enjoy their visit with the array of shops and fun activities that you have to offer. We bring to the table suggestions for\u00a0<b>sugerencias sobre c\u00f3mo informar de manera estrat\u00e9gica a sus visitantes<\/b>\u00a0de todos los eventos que rodean sus espacios, las funcionalidades disponibles, la integraci\u00f3n de tarjetas de fidelidad y mucho m\u00e1s.<br \/><br \/><\/p>\t\t\t\t\t\t<\/div>\n\t\t\t\t<\/div>\n\t\t\t\t\t<\/div>\n\t\t<\/div>\n\t\t\t\t\t\t\t<\/div>\n\t\t<\/section>\n\t\t\t\t\t\t\t<\/div>","protected":false},"excerpt":{"rendered":"<p>Consulting Services Experts in wayfinding solutions,\u00a0ViaDirect accompanies you in creating the best visitor experience for your customers. Our consulting services are based on years of knowledge and research and combined experience. Our multicultural team is working tirelessly from around the globe to share with you ideas that were selected from the best of our portfolio [&hellip;]<\/p>","protected":false},"author":1,"featured_media":0,"parent":18,"menu_order":0,"comment_status":"closed","ping_status":"closed","template":"elementor_header_footer","meta":[],"acf":[],"yoast_head":"<!-- This site is optimized with the Yoast SEO plugin v20.6 - https:\/\/yoast.com\/wordpress\/plugins\/seo\/ -->\n<title>Consulting Services &bull; ViaDirect<\/title>\n<meta name=\"robots\" content=\"index, follow, max-snippet:-1, max-image-preview:large, max-video-preview:-1\" \/>\n<link rel=\"canonical\" href=\"https:\/\/viadirect-preprod.wylog.com\/es\/our-solution\/consulting-services\/\" \/>\n<meta property=\"og:locale\" content=\"es_ES\" \/>\n<meta property=\"og:type\" content=\"article\" \/>\n<meta property=\"og:title\" content=\"Consulting Services &bull; ViaDirect\" \/>\n<meta property=\"og:description\" content=\"Consulting Services Experts in wayfinding solutions,\u00a0ViaDirect accompanies you in creating the best visitor experience for your customers. Our consulting services are based on years of knowledge and research and combined experience. Our multicultural team is working tirelessly from around the globe to share with you ideas that were selected from the best of our portfolio [&hellip;]\" \/>\n<meta property=\"og:url\" content=\"https:\/\/viadirect-preprod.wylog.com\/es\/our-solution\/consulting-services\/\" \/>\n<meta property=\"og:site_name\" content=\"ViaDirect\" \/>\n<meta property=\"article:modified_time\" content=\"2021-09-28T02:21:13+00:00\" \/>\n<meta property=\"og:image\" content=\"https:\/\/viadirect-prod.wylog.com\/wp-content\/uploads\/2021\/06\/A-1.jpg\" \/>\n<meta name=\"twitter:card\" content=\"summary_large_image\" \/>\n<meta name=\"twitter:label1\" content=\"Tiempo de lectura\" \/>\n\t<meta name=\"twitter:data1\" content=\"1 minuto\" \/>\n<script type=\"application\/ld+json\" class=\"yoast-schema-graph\">{\"@context\":\"https:\/\/schema.org\",\"@graph\":[{\"@type\":\"WebPage\",\"@id\":\"https:\/\/viadirect-preprod.wylog.com\/our-solution\/consulting-services\/\",\"url\":\"https:\/\/viadirect-preprod.wylog.com\/our-solution\/consulting-services\/\",\"name\":\"Consulting Services &bull; ViaDirect\",\"isPartOf\":{\"@id\":\"https:\/\/viadirect-preprod.wylog.com\/#website\"},\"datePublished\":\"2021-04-30T00:31:38+00:00\",\"dateModified\":\"2021-09-28T02:21:13+00:00\",\"breadcrumb\":{\"@id\":\"https:\/\/viadirect-preprod.wylog.com\/our-solution\/consulting-services\/#breadcrumb\"},\"inLanguage\":\"es\",\"potentialAction\":[{\"@type\":\"ReadAction\",\"target\":[\"https:\/\/viadirect-preprod.wylog.com\/our-solution\/consulting-services\/\"]}]},{\"@type\":\"BreadcrumbList\",\"@id\":\"https:\/\/viadirect-preprod.wylog.com\/our-solution\/consulting-services\/#breadcrumb\",\"itemListElement\":[{\"@type\":\"ListItem\",\"position\":1,\"name\":\"Home\",\"item\":\"https:\/\/viadirect-preprod.wylog.com\/\"},{\"@type\":\"ListItem\",\"position\":2,\"name\":\"Our Solution\",\"item\":\"https:\/\/viadirect-preprod.wylog.com\/our-solution\/\"},{\"@type\":\"ListItem\",\"position\":3,\"name\":\"Consulting Services\"}]},{\"@type\":\"WebSite\",\"@id\":\"https:\/\/viadirect-preprod.wylog.com\/#website\",\"url\":\"https:\/\/viadirect-preprod.wylog.com\/\",\"name\":\"ViaDirect\",\"description\":\"\",\"publisher\":{\"@id\":\"https:\/\/viadirect-preprod.wylog.com\/#organization\"},\"potentialAction\":[{\"@type\":\"SearchAction\",\"target\":{\"@type\":\"EntryPoint\",\"urlTemplate\":\"https:\/\/viadirect-preprod.wylog.com\/?s={search_term_string}\"},\"query-input\":\"required name=search_term_string\"}],\"inLanguage\":\"es\"},{\"@type\":\"Organization\",\"@id\":\"https:\/\/viadirect-preprod.wylog.com\/#organization\",\"name\":\"Viadirect\",\"url\":\"https:\/\/viadirect-preprod.wylog.com\/\",\"logo\":{\"@type\":\"ImageObject\",\"inLanguage\":\"es\",\"@id\":\"https:\/\/viadirect-preprod.wylog.com\/#\/schema\/logo\/image\/\",\"url\":\"https:\/\/viadirect-preprod.wylog.com\/wp-content\/uploads\/2021\/06\/Feature.svg\",\"contentUrl\":\"https:\/\/viadirect-preprod.wylog.com\/wp-content\/uploads\/2021\/06\/Feature.svg\",\"width\":1,\"height\":1,\"caption\":\"Viadirect\"},\"image\":{\"@id\":\"https:\/\/viadirect-preprod.wylog.com\/#\/schema\/logo\/image\/\"},\"sameAs\":[\"https:\/\/www.linkedin.com\/company\/viadirectiledesmedias\"]}]}<\/script>\n<!-- \/ Yoast SEO plugin. -->","yoast_head_json":{"title":"Consulting Services &bull; ViaDirect","robots":{"index":"index","follow":"follow","max-snippet":"max-snippet:-1","max-image-preview":"max-image-preview:large","max-video-preview":"max-video-preview:-1"},"canonical":"https:\/\/viadirect-preprod.wylog.com\/es\/our-solution\/consulting-services\/","og_locale":"es_ES","og_type":"article","og_title":"Consulting Services &bull; ViaDirect","og_description":"Consulting Services Experts in wayfinding solutions,\u00a0ViaDirect accompanies you in creating the best visitor experience for your customers. Our consulting services are based on years of knowledge and research and combined experience. Our multicultural team is working tirelessly from around the globe to share with you ideas that were selected from the best of our portfolio [&hellip;]","og_url":"https:\/\/viadirect-preprod.wylog.com\/es\/our-solution\/consulting-services\/","og_site_name":"ViaDirect","article_modified_time":"2021-09-28T02:21:13+00:00","og_image":[{"url":"https:\/\/viadirect-prod.wylog.com\/wp-content\/uploads\/2021\/06\/A-1.jpg"}],"twitter_card":"summary_large_image","twitter_misc":{"Tiempo de lectura":"1 minuto"},"schema":{"@context":"https:\/\/schema.org","@graph":[{"@type":"WebPage","@id":"https:\/\/viadirect-preprod.wylog.com\/our-solution\/consulting-services\/","url":"https:\/\/viadirect-preprod.wylog.com\/our-solution\/consulting-services\/","name":"Consulting Services &bull; ViaDirect","isPartOf":{"@id":"https:\/\/viadirect-preprod.wylog.com\/#website"},"datePublished":"2021-04-30T00:31:38+00:00","dateModified":"2021-09-28T02:21:13+00:00","breadcrumb":{"@id":"https:\/\/viadirect-preprod.wylog.com\/our-solution\/consulting-services\/#breadcrumb"},"inLanguage":"es","potentialAction":[{"@type":"ReadAction","target":["https:\/\/viadirect-preprod.wylog.com\/our-solution\/consulting-services\/"]}]},{"@type":"BreadcrumbList","@id":"https:\/\/viadirect-preprod.wylog.com\/our-solution\/consulting-services\/#breadcrumb","itemListElement":[{"@type":"ListItem","position":1,"name":"Home","item":"https:\/\/viadirect-preprod.wylog.com\/"},{"@type":"ListItem","position":2,"name":"Our Solution","item":"https:\/\/viadirect-preprod.wylog.com\/our-solution\/"},{"@type":"ListItem","position":3,"name":"Consulting Services"}]},{"@type":"WebSite","@id":"https:\/\/viadirect-preprod.wylog.com\/#website","url":"https:\/\/viadirect-preprod.wylog.com\/","name":"ViaDirect","description":"","publisher":{"@id":"https:\/\/viadirect-preprod.wylog.com\/#organization"},"potentialAction":[{"@type":"SearchAction","target":{"@type":"EntryPoint","urlTemplate":"https:\/\/viadirect-preprod.wylog.com\/?s={search_term_string}"},"query-input":"required name=search_term_string"}],"inLanguage":"es"},{"@type":"Organization","@id":"https:\/\/viadirect-preprod.wylog.com\/#organization","name":"Viadirect","url":"https:\/\/viadirect-preprod.wylog.com\/","logo":{"@type":"ImageObject","inLanguage":"es","@id":"https:\/\/viadirect-preprod.wylog.com\/#\/schema\/logo\/image\/","url":"https:\/\/viadirect-preprod.wylog.com\/wp-content\/uploads\/2021\/06\/Feature.svg","contentUrl":"https:\/\/viadirect-preprod.wylog.com\/wp-content\/uploads\/2021\/06\/Feature.svg","width":1,"height":1,"caption":"Viadirect"},"image":{"@id":"https:\/\/viadirect-preprod.wylog.com\/#\/schema\/logo\/image\/"},"sameAs":["https:\/\/www.linkedin.com\/company\/viadirectiledesmedias"]}]}},"_links":{"self":[{"href":"https:\/\/viadirect-preprod.wylog.com\/es\/wp-json\/wp\/v2\/pages\/1644"}],"collection":[{"href":"https:\/\/viadirect-preprod.wylog.com\/es\/wp-json\/wp\/v2\/pages"}],"about":[{"href":"https:\/\/viadirect-preprod.wylog.com\/es\/wp-json\/wp\/v2\/types\/page"}],"author":[{"embeddable":true,"href":"https:\/\/viadirect-preprod.wylog.com\/es\/wp-json\/wp\/v2\/users\/1"}],"replies":[{"embeddable":true,"href":"https:\/\/viadirect-preprod.wylog.com\/es\/wp-json\/wp\/v2\/comments?post=1644"}],"version-history":[{"count":100,"href":"https:\/\/viadirect-preprod.wylog.com\/es\/wp-json\/wp\/v2\/pages\/1644\/revisions"}],"predecessor-version":[{"id":9216,"href":"https:\/\/viadirect-preprod.wylog.com\/es\/wp-json\/wp\/v2\/pages\/1644\/revisions\/9216"}],"up":[{"embeddable":true,"href":"https:\/\/viadirect-preprod.wylog.com\/es\/wp-json\/wp\/v2\/pages\/18"}],"wp:attachment":[{"href":"https:\/\/viadirect-preprod.wylog.com\/es\/wp-json\/wp\/v2\/media?parent=1644"}],"curies":[{"name":"wp","href":"https:\/\/api.w.org\/{rel}","templated":true}]}}