{"id":1627,"date":"2021-04-29T23:53:40","date_gmt":"2021-04-29T23:53:40","guid":{"rendered":"https:\/\/www.viadirect.com\/?page_id=1627"},"modified":"2021-10-04T04:40:18","modified_gmt":"2021-10-04T04:40:18","slug":"statistics-back-end","status":"publish","type":"page","link":"https:\/\/viadirect-preprod.wylog.com\/es\/our-solution\/statistics-back-end\/","title":{"rendered":"Estad\u00edsticas y back-end"},"content":{"rendered":"<div data-elementor-type=\"wp-page\" data-elementor-id=\"1627\" class=\"elementor elementor-1627\">\n\t\t\t\t\t\t\t\t\t<section class=\"elementor-section elementor-top-section elementor-element elementor-element-3828aff elementor-section-boxed elementor-section-height-default elementor-section-height-default\" data-id=\"3828aff\" data-element_type=\"section\">\n\t\t\t\t\t\t<div class=\"elementor-container elementor-column-gap-default\">\n\t\t\t\t\t<div class=\"elementor-column elementor-col-100 elementor-top-column elementor-element elementor-element-c764376\" data-id=\"c764376\" data-element_type=\"column\">\n\t\t\t<div class=\"elementor-widget-wrap elementor-element-populated\">\n\t\t\t\t\t\t\t\t<div class=\"elementor-element elementor-element-6be4872 elementor-widget elementor-widget-breadcrumbs\" data-id=\"6be4872\" data-element_type=\"widget\" data-widget_type=\"breadcrumbs.default\">\n\t\t\t\t<div class=\"elementor-widget-container\">\n\t\t\t<p id=\"breadcrumbs\"><span><span><a href=\"https:\/\/viadirect-preprod.wylog.com\/es\/\">P\u00e1gina de inicio<\/a><\/span><\/span><\/p>\t\t<\/div>\n\t\t\t\t<\/div>\n\t\t\t\t\t<\/div>\n\t\t<\/div>\n\t\t\t\t\t\t\t<\/div>\n\t\t<\/section>\n\t\t\t\t<section class=\"elementor-section elementor-top-section elementor-element elementor-element-1d795d6 elementor-section-boxed elementor-section-height-default elementor-section-height-default\" data-id=\"1d795d6\" data-element_type=\"section\">\n\t\t\t\t\t\t<div class=\"elementor-container elementor-column-gap-default\">\n\t\t\t\t\t<div class=\"elementor-column elementor-col-100 elementor-top-column elementor-element elementor-element-ebb9513\" data-id=\"ebb9513\" data-element_type=\"column\">\n\t\t\t<div class=\"elementor-widget-wrap elementor-element-populated\">\n\t\t\t\t\t\t\t\t<div class=\"elementor-element elementor-element-aa6c96b elementor-widget elementor-widget-image\" data-id=\"aa6c96b\" data-element_type=\"widget\" data-widget_type=\"image.default\">\n\t\t\t\t<div class=\"elementor-widget-container\">\n\t\t\t\t\t\t\t\t\t\t\t\t\t\t\t<img width=\"1280\" height=\"720\" src=\"https:\/\/viadirect-preprod.wylog.com\/wp-content\/uploads\/2021\/07\/WhatsApp-Image-2021-07-12-at-11.33.42-AM.jpeg\" class=\"attachment-full size-full\" alt=\"Statistics &amp; Back-End Solution\" loading=\"lazy\" srcset=\"https:\/\/viadirect-preprod.wylog.com\/wp-content\/uploads\/2021\/07\/WhatsApp-Image-2021-07-12-at-11.33.42-AM.jpeg 1280w, https:\/\/viadirect-preprod.wylog.com\/wp-content\/uploads\/2021\/07\/WhatsApp-Image-2021-07-12-at-11.33.42-AM-300x169.jpeg 300w, https:\/\/viadirect-preprod.wylog.com\/wp-content\/uploads\/2021\/07\/WhatsApp-Image-2021-07-12-at-11.33.42-AM-1024x576.jpeg 1024w, https:\/\/viadirect-preprod.wylog.com\/wp-content\/uploads\/2021\/07\/WhatsApp-Image-2021-07-12-at-11.33.42-AM-768x432.jpeg 768w, https:\/\/viadirect-preprod.wylog.com\/wp-content\/uploads\/2021\/07\/WhatsApp-Image-2021-07-12-at-11.33.42-AM-16x9.jpeg 16w\" sizes=\"(max-width: 1280px) 100vw, 1280px\" \/>\t\t\t\t\t\t\t\t\t\t\t\t\t\t\t<\/div>\n\t\t\t\t<\/div>\n\t\t\t\t\t<\/div>\n\t\t<\/div>\n\t\t\t\t\t\t\t<\/div>\n\t\t<\/section>\n\t\t\t\t<section class=\"elementor-section elementor-top-section elementor-element elementor-element-68066e9 elementor-section-boxed elementor-section-height-default elementor-section-height-default\" data-id=\"68066e9\" data-element_type=\"section\">\n\t\t\t\t\t\t<div class=\"elementor-container elementor-column-gap-default\">\n\t\t\t\t\t<div class=\"elementor-column elementor-col-100 elementor-top-column elementor-element elementor-element-a3871b5\" data-id=\"a3871b5\" data-element_type=\"column\">\n\t\t\t<div class=\"elementor-widget-wrap elementor-element-populated\">\n\t\t\t\t\t\t\t\t<div class=\"elementor-element elementor-element-e904e64 elementor-widget elementor-widget-heading\" data-id=\"e904e64\" data-element_type=\"widget\" data-widget_type=\"heading.default\">\n\t\t\t\t<div class=\"elementor-widget-container\">\n\t\t\t<h1 class=\"elementor-heading-title elementor-size-default\">Estad\u00edsticas y gesti\u00f3n de ViaDirect<\/h1>\t\t<\/div>\n\t\t\t\t<\/div>\n\t\t\t\t\t<\/div>\n\t\t<\/div>\n\t\t\t\t\t\t\t<\/div>\n\t\t<\/section>\n\t\t\t\t<section class=\"elementor-section elementor-top-section elementor-element elementor-element-380099f elementor-section-boxed elementor-section-height-default elementor-section-height-default\" data-id=\"380099f\" data-element_type=\"section\">\n\t\t\t\t\t\t<div class=\"elementor-container elementor-column-gap-default\">\n\t\t\t\t\t<div class=\"elementor-column elementor-col-100 elementor-top-column elementor-element elementor-element-c92b22e\" data-id=\"c92b22e\" data-element_type=\"column\">\n\t\t\t<div class=\"elementor-widget-wrap elementor-element-populated\">\n\t\t\t\t\t\t\t\t<section class=\"elementor-section elementor-inner-section elementor-element elementor-element-5fb8d15 elementor-section-boxed elementor-section-height-default elementor-section-height-default\" data-id=\"5fb8d15\" data-element_type=\"section\">\n\t\t\t\t\t\t\t<div class=\"elementor-background-overlay\"><\/div>\n\t\t\t\t\t\t\t<div class=\"elementor-container elementor-column-gap-default\">\n\t\t\t\t\t<div class=\"elementor-column elementor-col-50 elementor-inner-column elementor-element elementor-element-36db8b4\" data-id=\"36db8b4\" data-element_type=\"column\">\n\t\t\t<div class=\"elementor-widget-wrap elementor-element-populated\">\n\t\t\t\t\t\t\t\t<div class=\"elementor-element elementor-element-2590b98 elementor-widget elementor-widget-heading\" data-id=\"2590b98\" data-element_type=\"widget\" data-widget_type=\"heading.default\">\n\t\t\t\t<div class=\"elementor-widget-container\">\n\t\t\t<h6 class=\"elementor-heading-title elementor-size-default\">Estad\u00edsticas<\/h6>\t\t<\/div>\n\t\t\t\t<\/div>\n\t\t\t\t<div class=\"elementor-element elementor-element-bacce7c elementor-widget elementor-widget-text-editor\" data-id=\"bacce7c\" data-element_type=\"widget\" data-widget_type=\"text-editor.default\">\n\t\t\t\t<div class=\"elementor-widget-container\">\n\t\t\t\t\t\t\t<p><span style=\"font-weight: 400;\">Utilice nuestra soluci\u00f3n para <b>tener estad\u00edsticas<\/b> que le dar\u00e1n acceso a informes de audiencia detallados a trav\u00e9s de una plataforma espec\u00edfica. <strong>Usted quiere saber:<\/strong><\/span><\/p><ul><li style=\"font-weight: 400;\" aria-level=\"1\"><span style=\"font-weight: 400;\">\u00bfCu\u00e1ntas personas han utilizado los quioscos interactivos?<\/span><\/li><li style=\"font-weight: 400;\" aria-level=\"1\"><span style=\"font-weight: 400;\">\u00bfQu\u00e9 quioscos son los m\u00e1s utilizados?<\/span><\/li><li style=\"font-weight: 400;\" aria-level=\"1\"><strong>\u00bfQu\u00e9 destinos son los m\u00e1s populares?<\/strong><\/li><li style=\"font-weight: 400;\" aria-level=\"1\"><span style=\"font-weight: 400;\">\u00bfA qu\u00e9 hora hay m\u00e1s tr\u00e1fico?<\/span><\/li><li style=\"font-weight: 400;\" aria-level=\"1\"><span style=\"font-weight: 400;\">\u00bfQu\u00e9 oferta promocional fue la m\u00e1s vista?<\/span><\/li><\/ul><p><span style=\"font-weight: 400;\">El procesamiento de datos estad\u00edsticos permite analizar el comportamiento de los usuarios y perfeccionar la experiencia digital de las instalaciones de forma geolocalizada y con marca de tiempo.<\/span><\/p>\t\t\t\t\t\t<\/div>\n\t\t\t\t<\/div>\n\t\t\t\t\t<\/div>\n\t\t<\/div>\n\t\t\t\t<div class=\"elementor-column elementor-col-50 elementor-inner-column elementor-element elementor-element-1f1256e\" data-id=\"1f1256e\" data-element_type=\"column\">\n\t\t\t<div class=\"elementor-widget-wrap elementor-element-populated\">\n\t\t\t\t\t\t\t\t<div class=\"elementor-element elementor-element-764437b elementor-widget elementor-widget-heading\" data-id=\"764437b\" data-element_type=\"widget\" data-widget_type=\"heading.default\">\n\t\t\t\t<div class=\"elementor-widget-container\">\n\t\t\t<h6 class=\"elementor-heading-title elementor-size-default\">Gesti\u00f3n de ViaDirect<\/h6>\t\t<\/div>\n\t\t\t\t<\/div>\n\t\t\t\t<div class=\"elementor-element elementor-element-84eef44 elementor-widget elementor-widget-text-editor\" data-id=\"84eef44\" data-element_type=\"widget\" data-widget_type=\"text-editor.default\">\n\t\t\t\t<div class=\"elementor-widget-container\">\n\t\t\t\t\t\t\t<p><span style=\"font-weight: 400;\">El contenido de su quiosco es siempre administrable y seguro gracias a la gesti\u00f3n de ViaDirect. Esto nos permite:<\/span><\/p><ul><li style=\"font-weight: 400;\" aria-level=\"1\"><span style=\"font-weight: 400;\">gestionar noticias, promociones y otras <\/span><b>herramientas de comercializaci\u00f3n<\/b><\/li><li style=\"font-weight: 400;\" aria-level=\"1\"><span style=\"font-weight: 400;\">editar el mapa, cambiar ubicaciones<\/span><\/li><li style=\"font-weight: 400;\" aria-level=\"1\"><span style=\"font-weight: 400;\">recopilar estad\u00edsticas, an\u00e1lisis e informes avanzados<\/span><\/li><li class=\"fr-none\" style=\"font-weight: 400;\" aria-level=\"1\"><span style=\"font-weight: 400;\">establecer <\/span><b>conectores API<\/b><span style=\"font-weight: 400;\"> para la sincronizaci\u00f3n inmediata de datos<\/span><\/li><\/ul><p class=\" translation-block\"><br>Nuestro equipo de <a href=\"https:\/\/www.viadirect.com\/es\/our-solution\/it-maintenance-monitoring\/\" target=\"_self\"><b><span style=\"text-decoration: underline\">soporte<\/span><\/b><\/a> espec\u00edfico que se especializa en mantenimiento y monitoreo tambi\u00e9n lo acompa\u00f1a en la administraci\u00f3n de su contenido.<\/p>\t\t\t\t\t\t<\/div>\n\t\t\t\t<\/div>\n\t\t\t\t\t<\/div>\n\t\t<\/div>\n\t\t\t\t\t\t\t<\/div>\n\t\t<\/section>\n\t\t\t\t\t<\/div>\n\t\t<\/div>\n\t\t\t\t\t\t\t<\/div>\n\t\t<\/section>\n\t\t\t\t<section class=\"elementor-section elementor-top-section elementor-element elementor-element-754404a elementor-section-boxed elementor-section-height-default elementor-section-height-default\" data-id=\"754404a\" data-element_type=\"section\">\n\t\t\t\t\t\t<div class=\"elementor-container elementor-column-gap-no\">\n\t\t\t\t\t<div class=\"elementor-column elementor-col-33 elementor-top-column elementor-element elementor-element-f7ecfc4\" data-id=\"f7ecfc4\" data-element_type=\"column\" data-settings=\"{&quot;background_background&quot;:&quot;classic&quot;}\">\n\t\t\t<div class=\"elementor-widget-wrap elementor-element-populated\">\n\t\t\t\t\t\t\t\t<div class=\"elementor-element elementor-element-2d2f22d elementor-widget elementor-widget-image\" data-id=\"2d2f22d\" data-element_type=\"widget\" data-widget_type=\"image.default\">\n\t\t\t\t<div class=\"elementor-widget-container\">\n\t\t\t\t\t\t\t\t\t\t\t\t\t\t\t<img width=\"1000\" height=\"615\" src=\"https:\/\/viadirect-preprod.wylog.com\/wp-content\/uploads\/2021\/06\/Y3-1.jpg\" class=\"attachment-full size-full\" alt=\"wayfinding statistics\" loading=\"lazy\" srcset=\"https:\/\/viadirect-preprod.wylog.com\/wp-content\/uploads\/2021\/06\/Y3-1.jpg 1000w, https:\/\/viadirect-preprod.wylog.com\/wp-content\/uploads\/2021\/06\/Y3-1-300x185.jpg 300w, https:\/\/viadirect-preprod.wylog.com\/wp-content\/uploads\/2021\/06\/Y3-1-768x472.jpg 768w, https:\/\/viadirect-preprod.wylog.com\/wp-content\/uploads\/2021\/06\/Y3-1-16x10.jpg 16w\" sizes=\"(max-width: 1000px) 100vw, 1000px\" \/>\t\t\t\t\t\t\t\t\t\t\t\t\t\t\t<\/div>\n\t\t\t\t<\/div>\n\t\t\t\t\t<\/div>\n\t\t<\/div>\n\t\t\t\t<div class=\"elementor-column elementor-col-33 elementor-top-column elementor-element elementor-element-211a635\" data-id=\"211a635\" data-element_type=\"column\" data-settings=\"{&quot;background_background&quot;:&quot;classic&quot;}\">\n\t\t\t<div class=\"elementor-widget-wrap elementor-element-populated\">\n\t\t\t\t\t<div class=\"elementor-background-overlay\"><\/div>\n\t\t\t\t\t\t\t\t<section class=\"elementor-section elementor-inner-section elementor-element elementor-element-5179c71 elementor-section-boxed elementor-section-height-default elementor-section-height-default\" data-id=\"5179c71\" data-element_type=\"section\">\n\t\t\t\t\t\t<div class=\"elementor-container elementor-column-gap-default\">\n\t\t\t\t\t<div class=\"elementor-column elementor-col-100 elementor-inner-column elementor-element elementor-element-c02f743\" data-id=\"c02f743\" data-element_type=\"column\">\n\t\t\t<div class=\"elementor-widget-wrap elementor-element-populated\">\n\t\t\t\t\t\t\t\t<div class=\"elementor-element elementor-element-8c2d038 vd-counter elementor-widget elementor-widget-counter\" data-id=\"8c2d038\" data-element_type=\"widget\" data-widget_type=\"counter.default\">\n\t\t\t\t<div class=\"elementor-widget-container\">\n\t\t\t\t\t<div class=\"elementor-counter\">\n\t\t\t<div class=\"elementor-counter-number-wrapper\">\n\t\t\t\t<span class=\"elementor-counter-number-prefix\">+<\/span>\n\t\t\t\t<span class=\"elementor-counter-number\" data-duration=\"2000\" data-to-value=\"3\" data-from-value=\"1\">1<\/span>\n\t\t\t\t<span class=\"elementor-counter-number-suffix\"><\/span>\n\t\t\t<\/div>\n\t\t\t\t\t\t\t<div class=\"elementor-counter-title\">millones de usuarios por a\u00f1o<\/div>\n\t\t\t\t\t<\/div>\n\t\t\t\t<\/div>\n\t\t\t\t<\/div>\n\t\t\t\t\t<\/div>\n\t\t<\/div>\n\t\t\t\t\t\t\t<\/div>\n\t\t<\/section>\n\t\t\t\t<section class=\"elementor-section elementor-inner-section elementor-element elementor-element-579279f elementor-section-boxed elementor-section-height-default elementor-section-height-default\" data-id=\"579279f\" data-element_type=\"section\">\n\t\t\t\t\t\t<div class=\"elementor-container elementor-column-gap-default\">\n\t\t\t\t\t<div class=\"elementor-column elementor-col-100 elementor-inner-column elementor-element elementor-element-4c2cf12\" data-id=\"4c2cf12\" data-element_type=\"column\">\n\t\t\t<div class=\"elementor-widget-wrap elementor-element-populated\">\n\t\t\t\t\t\t\t\t<div class=\"elementor-element elementor-element-1e6511b elementor-widget elementor-widget-counter\" data-id=\"1e6511b\" data-element_type=\"widget\" data-widget_type=\"counter.default\">\n\t\t\t\t<div class=\"elementor-widget-container\">\n\t\t\t\t\t<div class=\"elementor-counter\">\n\t\t\t<div class=\"elementor-counter-number-wrapper\">\n\t\t\t\t<span class=\"elementor-counter-number-prefix\"><\/span>\n\t\t\t\t<span class=\"elementor-counter-number\" data-duration=\"2000\" data-to-value=\"1\" data-from-value=\"1\">1<\/span>\n\t\t\t\t<span class=\"elementor-counter-number-suffix\"><\/span>\n\t\t\t<\/div>\n\t\t\t\t\t\t\t<div class=\"elementor-counter-title\">b\u00fasqueda cada segundo<\/div>\n\t\t\t\t\t<\/div>\n\t\t\t\t<\/div>\n\t\t\t\t<\/div>\n\t\t\t\t\t<\/div>\n\t\t<\/div>\n\t\t\t\t\t\t\t<\/div>\n\t\t<\/section>\n\t\t\t\t\t<\/div>\n\t\t<\/div>\n\t\t\t\t<div class=\"elementor-column elementor-col-33 elementor-top-column elementor-element elementor-element-2c00fd6\" data-id=\"2c00fd6\" data-element_type=\"column\">\n\t\t\t<div class=\"elementor-widget-wrap elementor-element-populated\">\n\t\t\t\t\t\t\t\t<div class=\"elementor-element elementor-element-d634f97 elementor-widget elementor-widget-image\" data-id=\"d634f97\" data-element_type=\"widget\" data-widget_type=\"image.default\">\n\t\t\t\t<div class=\"elementor-widget-container\">\n\t\t\t\t\t\t\t\t\t\t\t\t\t\t\t<img width=\"2560\" height=\"1707\" src=\"https:\/\/viadirect-preprod.wylog.com\/wp-content\/uploads\/2021\/05\/Y2-scaled.jpg\" class=\"attachment-full size-full\" alt=\"\" loading=\"lazy\" srcset=\"https:\/\/viadirect-preprod.wylog.com\/wp-content\/uploads\/2021\/05\/Y2-scaled.jpg 2560w, https:\/\/viadirect-preprod.wylog.com\/wp-content\/uploads\/2021\/05\/Y2-300x200.jpg 300w, https:\/\/viadirect-preprod.wylog.com\/wp-content\/uploads\/2021\/05\/Y2-1024x683.jpg 1024w, https:\/\/viadirect-preprod.wylog.com\/wp-content\/uploads\/2021\/05\/Y2-768x512.jpg 768w, https:\/\/viadirect-preprod.wylog.com\/wp-content\/uploads\/2021\/05\/Y2-1536x1024.jpg 1536w, https:\/\/viadirect-preprod.wylog.com\/wp-content\/uploads\/2021\/05\/Y2-2048x1365.jpg 2048w, https:\/\/viadirect-preprod.wylog.com\/wp-content\/uploads\/2021\/05\/Y2-16x12.jpg 16w\" sizes=\"(max-width: 2560px) 100vw, 2560px\" \/>\t\t\t\t\t\t\t\t\t\t\t\t\t\t\t<\/div>\n\t\t\t\t<\/div>\n\t\t\t\t\t<\/div>\n\t\t<\/div>\n\t\t\t\t\t\t\t<\/div>\n\t\t<\/section>\n\t\t\t\t<section class=\"elementor-section elementor-top-section elementor-element elementor-element-2ce0e74 elementor-section-boxed elementor-section-height-default elementor-section-height-default\" data-id=\"2ce0e74\" data-element_type=\"section\">\n\t\t\t\t\t\t<div class=\"elementor-container elementor-column-gap-default\">\n\t\t\t\t\t<div class=\"elementor-column elementor-col-100 elementor-top-column elementor-element elementor-element-b5ff428\" data-id=\"b5ff428\" data-element_type=\"column\">\n\t\t\t<div class=\"elementor-widget-wrap elementor-element-populated\">\n\t\t\t\t\t\t\t\t<div class=\"elementor-element elementor-element-ace3ba6 elementor-widget elementor-widget-spacer\" data-id=\"ace3ba6\" data-element_type=\"widget\" data-widget_type=\"spacer.default\">\n\t\t\t\t<div class=\"elementor-widget-container\">\n\t\t\t\t\t<div class=\"elementor-spacer\">\n\t\t\t<div class=\"elementor-spacer-inner\"><\/div>\n\t\t<\/div>\n\t\t\t\t<\/div>\n\t\t\t\t<\/div>\n\t\t\t\t\t<\/div>\n\t\t<\/div>\n\t\t\t\t\t\t\t<\/div>\n\t\t<\/section>\n\t\t\t\t\t\t\t<\/div>","protected":false},"excerpt":{"rendered":"<p>Statistics &#038; Back-end Statistics Use our solution to have statistics that will give you access to detailed audience reports via a dedicated platform. Need to know: How many people have used the interactive kiosks? Which kiosks are the most used? Which destinations are the most popular? At what time is there the most traffic? Which [&hellip;]<\/p>","protected":false},"author":1,"featured_media":0,"parent":18,"menu_order":0,"comment_status":"closed","ping_status":"closed","template":"elementor_header_footer","meta":[],"acf":[],"yoast_head":"<!-- This site is optimized with the Yoast SEO plugin v20.6 - https:\/\/yoast.com\/wordpress\/plugins\/seo\/ -->\n<title>Statistics &amp; Back-end &bull; ViaDirect<\/title>\n<meta name=\"robots\" content=\"index, follow, max-snippet:-1, max-image-preview:large, max-video-preview:-1\" \/>\n<link rel=\"canonical\" href=\"https:\/\/viadirect-preprod.wylog.com\/es\/our-solution\/statistics-back-end\/\" \/>\n<meta property=\"og:locale\" content=\"es_ES\" \/>\n<meta property=\"og:type\" content=\"article\" \/>\n<meta property=\"og:title\" content=\"Statistics &amp; Back-end &bull; ViaDirect\" \/>\n<meta property=\"og:description\" content=\"Statistics &#038; Back-end Statistics Use our solution to have statistics that will give you access to detailed audience reports via a dedicated platform. Need to know: How many people have used the interactive kiosks? Which kiosks are the most used? Which destinations are the most popular? At what time is there the most traffic? Which [&hellip;]\" \/>\n<meta property=\"og:url\" content=\"https:\/\/viadirect-preprod.wylog.com\/es\/our-solution\/statistics-back-end\/\" \/>\n<meta property=\"og:site_name\" content=\"ViaDirect\" \/>\n<meta property=\"article:modified_time\" content=\"2021-10-04T04:40:18+00:00\" \/>\n<meta property=\"og:image\" content=\"https:\/\/viadirect-prod.wylog.com\/wp-content\/uploads\/2021\/07\/WhatsApp-Image-2021-07-12-at-11.33.42-AM.jpeg\" \/>\n<meta name=\"twitter:card\" content=\"summary_large_image\" \/>\n<meta name=\"twitter:label1\" content=\"Tiempo de lectura\" \/>\n\t<meta name=\"twitter:data1\" content=\"2 minutos\" \/>\n<script type=\"application\/ld+json\" class=\"yoast-schema-graph\">{\"@context\":\"https:\/\/schema.org\",\"@graph\":[{\"@type\":\"WebPage\",\"@id\":\"https:\/\/viadirect-preprod.wylog.com\/our-solution\/statistics-back-end\/\",\"url\":\"https:\/\/viadirect-preprod.wylog.com\/our-solution\/statistics-back-end\/\",\"name\":\"Statistics & Back-end &bull; ViaDirect\",\"isPartOf\":{\"@id\":\"https:\/\/viadirect-preprod.wylog.com\/#website\"},\"datePublished\":\"2021-04-29T23:53:40+00:00\",\"dateModified\":\"2021-10-04T04:40:18+00:00\",\"breadcrumb\":{\"@id\":\"https:\/\/viadirect-preprod.wylog.com\/our-solution\/statistics-back-end\/#breadcrumb\"},\"inLanguage\":\"es\",\"potentialAction\":[{\"@type\":\"ReadAction\",\"target\":[\"https:\/\/viadirect-preprod.wylog.com\/our-solution\/statistics-back-end\/\"]}]},{\"@type\":\"BreadcrumbList\",\"@id\":\"https:\/\/viadirect-preprod.wylog.com\/our-solution\/statistics-back-end\/#breadcrumb\",\"itemListElement\":[{\"@type\":\"ListItem\",\"position\":1,\"name\":\"Home\",\"item\":\"https:\/\/viadirect-preprod.wylog.com\/\"},{\"@type\":\"ListItem\",\"position\":2,\"name\":\"Our Solution\",\"item\":\"https:\/\/viadirect-preprod.wylog.com\/our-solution\/\"},{\"@type\":\"ListItem\",\"position\":3,\"name\":\"Statistics &#038; Back-end\"}]},{\"@type\":\"WebSite\",\"@id\":\"https:\/\/viadirect-preprod.wylog.com\/#website\",\"url\":\"https:\/\/viadirect-preprod.wylog.com\/\",\"name\":\"ViaDirect\",\"description\":\"\",\"publisher\":{\"@id\":\"https:\/\/viadirect-preprod.wylog.com\/#organization\"},\"potentialAction\":[{\"@type\":\"SearchAction\",\"target\":{\"@type\":\"EntryPoint\",\"urlTemplate\":\"https:\/\/viadirect-preprod.wylog.com\/?s={search_term_string}\"},\"query-input\":\"required name=search_term_string\"}],\"inLanguage\":\"es\"},{\"@type\":\"Organization\",\"@id\":\"https:\/\/viadirect-preprod.wylog.com\/#organization\",\"name\":\"Viadirect\",\"url\":\"https:\/\/viadirect-preprod.wylog.com\/\",\"logo\":{\"@type\":\"ImageObject\",\"inLanguage\":\"es\",\"@id\":\"https:\/\/viadirect-preprod.wylog.com\/#\/schema\/logo\/image\/\",\"url\":\"https:\/\/viadirect-preprod.wylog.com\/wp-content\/uploads\/2021\/06\/Feature.svg\",\"contentUrl\":\"https:\/\/viadirect-preprod.wylog.com\/wp-content\/uploads\/2021\/06\/Feature.svg\",\"width\":1,\"height\":1,\"caption\":\"Viadirect\"},\"image\":{\"@id\":\"https:\/\/viadirect-preprod.wylog.com\/#\/schema\/logo\/image\/\"},\"sameAs\":[\"https:\/\/www.linkedin.com\/company\/viadirectiledesmedias\"]}]}<\/script>\n<!-- \/ Yoast SEO plugin. -->","yoast_head_json":{"title":"Statistics & Back-end &bull; ViaDirect","robots":{"index":"index","follow":"follow","max-snippet":"max-snippet:-1","max-image-preview":"max-image-preview:large","max-video-preview":"max-video-preview:-1"},"canonical":"https:\/\/viadirect-preprod.wylog.com\/es\/our-solution\/statistics-back-end\/","og_locale":"es_ES","og_type":"article","og_title":"Statistics & Back-end &bull; ViaDirect","og_description":"Statistics &#038; Back-end Statistics Use our solution to have statistics that will give you access to detailed audience reports via a dedicated platform. Need to know: How many people have used the interactive kiosks? Which kiosks are the most used? Which destinations are the most popular? At what time is there the most traffic? Which [&hellip;]","og_url":"https:\/\/viadirect-preprod.wylog.com\/es\/our-solution\/statistics-back-end\/","og_site_name":"ViaDirect","article_modified_time":"2021-10-04T04:40:18+00:00","og_image":[{"url":"https:\/\/viadirect-prod.wylog.com\/wp-content\/uploads\/2021\/07\/WhatsApp-Image-2021-07-12-at-11.33.42-AM.jpeg"}],"twitter_card":"summary_large_image","twitter_misc":{"Tiempo de lectura":"2 minutos"},"schema":{"@context":"https:\/\/schema.org","@graph":[{"@type":"WebPage","@id":"https:\/\/viadirect-preprod.wylog.com\/our-solution\/statistics-back-end\/","url":"https:\/\/viadirect-preprod.wylog.com\/our-solution\/statistics-back-end\/","name":"Statistics & Back-end &bull; ViaDirect","isPartOf":{"@id":"https:\/\/viadirect-preprod.wylog.com\/#website"},"datePublished":"2021-04-29T23:53:40+00:00","dateModified":"2021-10-04T04:40:18+00:00","breadcrumb":{"@id":"https:\/\/viadirect-preprod.wylog.com\/our-solution\/statistics-back-end\/#breadcrumb"},"inLanguage":"es","potentialAction":[{"@type":"ReadAction","target":["https:\/\/viadirect-preprod.wylog.com\/our-solution\/statistics-back-end\/"]}]},{"@type":"BreadcrumbList","@id":"https:\/\/viadirect-preprod.wylog.com\/our-solution\/statistics-back-end\/#breadcrumb","itemListElement":[{"@type":"ListItem","position":1,"name":"Home","item":"https:\/\/viadirect-preprod.wylog.com\/"},{"@type":"ListItem","position":2,"name":"Our Solution","item":"https:\/\/viadirect-preprod.wylog.com\/our-solution\/"},{"@type":"ListItem","position":3,"name":"Statistics &#038; Back-end"}]},{"@type":"WebSite","@id":"https:\/\/viadirect-preprod.wylog.com\/#website","url":"https:\/\/viadirect-preprod.wylog.com\/","name":"ViaDirect","description":"","publisher":{"@id":"https:\/\/viadirect-preprod.wylog.com\/#organization"},"potentialAction":[{"@type":"SearchAction","target":{"@type":"EntryPoint","urlTemplate":"https:\/\/viadirect-preprod.wylog.com\/?s={search_term_string}"},"query-input":"required name=search_term_string"}],"inLanguage":"es"},{"@type":"Organization","@id":"https:\/\/viadirect-preprod.wylog.com\/#organization","name":"Viadirect","url":"https:\/\/viadirect-preprod.wylog.com\/","logo":{"@type":"ImageObject","inLanguage":"es","@id":"https:\/\/viadirect-preprod.wylog.com\/#\/schema\/logo\/image\/","url":"https:\/\/viadirect-preprod.wylog.com\/wp-content\/uploads\/2021\/06\/Feature.svg","contentUrl":"https:\/\/viadirect-preprod.wylog.com\/wp-content\/uploads\/2021\/06\/Feature.svg","width":1,"height":1,"caption":"Viadirect"},"image":{"@id":"https:\/\/viadirect-preprod.wylog.com\/#\/schema\/logo\/image\/"},"sameAs":["https:\/\/www.linkedin.com\/company\/viadirectiledesmedias"]}]}},"_links":{"self":[{"href":"https:\/\/viadirect-preprod.wylog.com\/es\/wp-json\/wp\/v2\/pages\/1627"}],"collection":[{"href":"https:\/\/viadirect-preprod.wylog.com\/es\/wp-json\/wp\/v2\/pages"}],"about":[{"href":"https:\/\/viadirect-preprod.wylog.com\/es\/wp-json\/wp\/v2\/types\/page"}],"author":[{"embeddable":true,"href":"https:\/\/viadirect-preprod.wylog.com\/es\/wp-json\/wp\/v2\/users\/1"}],"replies":[{"embeddable":true,"href":"https:\/\/viadirect-preprod.wylog.com\/es\/wp-json\/wp\/v2\/comments?post=1627"}],"version-history":[{"count":272,"href":"https:\/\/viadirect-preprod.wylog.com\/es\/wp-json\/wp\/v2\/pages\/1627\/revisions"}],"predecessor-version":[{"id":9229,"href":"https:\/\/viadirect-preprod.wylog.com\/es\/wp-json\/wp\/v2\/pages\/1627\/revisions\/9229"}],"up":[{"embeddable":true,"href":"https:\/\/viadirect-preprod.wylog.com\/es\/wp-json\/wp\/v2\/pages\/18"}],"wp:attachment":[{"href":"https:\/\/viadirect-preprod.wylog.com\/es\/wp-json\/wp\/v2\/media?parent=1627"}],"curies":[{"name":"wp","href":"https:\/\/api.w.org\/{rel}","templated":true}]}}